{"id":53,"date":"2023-06-21T14:09:12","date_gmt":"2023-06-21T12:09:12","guid":{"rendered":"https:\/\/tgong.de\/Homepage\/?page_id=53"},"modified":"2025-08-01T12:00:32","modified_gmt":"2025-08-01T10:00:32","slug":"datenschutz","status":"publish","type":"page","link":"https:\/\/tgong.de\/Homepage\/datenschutz\/","title":{"rendered":"Datenschutz"},"content":{"rendered":"\t\t<div data-elementor-type=\"wp-page\" data-elementor-id=\"53\" class=\"elementor elementor-53\">\n\t\t\t\t\t\t<section class=\"elementor-section elementor-top-section elementor-element elementor-element-af93f9f elementor-section-boxed elementor-section-height-default elementor-section-height-default\" data-id=\"af93f9f\" data-element_type=\"section\">\n\t\t\t\t\t\t<div class=\"elementor-container elementor-column-gap-default\">\n\t\t\t\t\t<div class=\"elementor-column elementor-col-100 elementor-top-column elementor-element elementor-element-3d0a201\" data-id=\"3d0a201\" data-element_type=\"column\">\n\t\t\t<div class=\"elementor-widget-wrap elementor-element-populated\">\n\t\t\t\t\t\t<div class=\"elementor-element elementor-element-b2c90d2 elementor-widget elementor-widget-text-editor\" data-id=\"b2c90d2\" data-element_type=\"widget\" data-widget_type=\"text-editor.default\">\n\t\t\t\t<div class=\"elementor-widget-container\">\n\t\t\t\t\t\t\t\t\t<div><p><span lang=\"EN-US\">1. Verantwortlicher<br \/>Oliver Wolf (Einzelunternehmen)<br \/>An der Feldmark 8, 12529 Sch\u00f6nefeld, Deutschland<br \/>E-Mail: <a href=\"mailto:kontakt@tgong.de\">kontakt@tgong.de<\/a><\/span><\/p><p>2. Allgemeines zur Datenverarbeitung<br \/>Wir verarbeiten Ihre personenbezogenen Daten unter Beachtung der geltenden Datenschutzvorschriften (DSGVO, TTDSG). Die Nutzung unserer Webseite ist grunds\u00e4tzlich ohne Angabe personenbezogener Daten m\u00f6glich.<\/p><p>3. Zugriffsdaten \/ Server-Logfiles<br \/>Beim Besuch der Website erheben wir automatisch Informationen, die Ihr Browser \u00fcbermittelt. Dies sind: besuchte Website, Uhrzeit, Browsertyp, Betriebssystem, IP-Adresse (gek\u00fcrzt). Diese Daten dienen der Sicherstellung des Betriebs und werden nach 14 Tagen gel\u00f6scht.<\/p><p>4. Hosting<br \/>Das Hosting dieser Webseite erfolgt durch einen externen Dienstleister. Mit diesem besteht ein Vertrag zur Auftragsverarbeitung gem\u00e4\u00df Art. 28 DSGVO.<\/p><p>5. Cookies<br \/>Unsere Website verwendet ausschlie\u00dflich technisch notwendige Cookies, die f\u00fcr den Betrieb der Website erforderlich sind. Diese Cookies erfordern keine Einwilligung. Es werden keine Tracking- oder Marketing-Cookies gesetzt.<\/p><p>6. Kontaktaufnahme<br \/>Bei Kontaktaufnahme per E-Mail verarbeiten wir Ihre Daten zur Bearbeitung der Anfrage. Rechtsgrundlage ist Art. 6 Abs. 1 lit. b DSGVO.<\/p><p>7. Ihre Rechte<br \/>Sie haben das Recht auf Auskunft, Berichtigung, L\u00f6schung, Einschr\u00e4nkung der Verarbeitung, Daten\u00fcbertragbarkeit sowie Widerspruch. Zudem besteht ein Beschwerderecht bei einer Aufsichtsbeh\u00f6rde (z.\u202fB. Berliner Beauftragte f\u00fcr Datenschutz).<\/p><p>8. \u00c4nderungen dieser Datenschutzerkl\u00e4rung<br \/>Wir behalten uns vor, diese Datenschutzerkl\u00e4rung anzupassen, um sie aktuellen rechtlichen Anforderungen anzupassen.<\/p><\/div>\t\t\t\t\t\t\t\t<\/div>\n\t\t\t\t<\/div>\n\t\t\t\t\t<\/div>\n\t\t<\/div>\n\t\t\t\t\t<\/div>\n\t\t<\/section>\n\t\t\t\t<\/div>\n\t\t","protected":false},"excerpt":{"rendered":"<p>1. VerantwortlicherOliver Wolf (Einzelunternehmen)An der Feldmark 8, 12529 Sch\u00f6nefeld, DeutschlandE-Mail: kontakt@tgong.de 2. Allgemeines zur DatenverarbeitungWir verarbeiten Ihre personenbezogenen Daten unter Beachtung der geltenden Datenschutzvorschriften (DSGVO, TTDSG). Die Nutzung unserer Webseite ist grunds\u00e4tzlich ohne Angabe personenbezogener Daten m\u00f6glich. 3. Zugriffsdaten \/ Server-LogfilesBeim Besuch der Website erheben wir automatisch Informationen, die Ihr Browser \u00fcbermittelt. Dies sind: besuchte &#8230; <a title=\"Datenschutz\" class=\"read-more\" href=\"https:\/\/tgong.de\/Homepage\/datenschutz\/\" aria-label=\"Mehr Informationen \u00fcber Datenschutz\">Weiterlesen<\/a><\/p>\n","protected":false},"author":1,"featured_media":0,"parent":0,"menu_order":0,"comment_status":"closed","ping_status":"closed","template":"","meta":{"footnotes":""},"class_list":["post-53","page","type-page","status-publish"],"yoast_head":"<!-- This site is optimized with the Yoast SEO plugin v24.8.1 - https:\/\/yoast.com\/wordpress\/plugins\/seo\/ -->\n<title>Datenschutz - tgong.de<\/title>\n<meta name=\"robots\" content=\"index, follow, max-snippet:-1, max-image-preview:large, max-video-preview:-1\" \/>\n<link rel=\"canonical\" href=\"https:\/\/tgong.de\/Homepage\/datenschutz\/\" \/>\n<meta property=\"og:locale\" content=\"de_DE\" \/>\n<meta property=\"og:type\" content=\"article\" \/>\n<meta property=\"og:title\" content=\"Datenschutz - tgong.de\" \/>\n<meta property=\"og:description\" content=\"1. VerantwortlicherOliver Wolf (Einzelunternehmen)An der Feldmark 8, 12529 Sch\u00f6nefeld, DeutschlandE-Mail: kontakt@tgong.de 2. Allgemeines zur DatenverarbeitungWir verarbeiten Ihre personenbezogenen Daten unter Beachtung der geltenden Datenschutzvorschriften (DSGVO, TTDSG). Die Nutzung unserer Webseite ist grunds\u00e4tzlich ohne Angabe personenbezogener Daten m\u00f6glich. 3. Zugriffsdaten \/ Server-LogfilesBeim Besuch der Website erheben wir automatisch Informationen, die Ihr Browser \u00fcbermittelt. Dies sind: besuchte ... Weiterlesen\" \/>\n<meta property=\"og:url\" content=\"https:\/\/tgong.de\/Homepage\/datenschutz\/\" \/>\n<meta property=\"og:site_name\" content=\"tgong.de\" \/>\n<meta property=\"article:modified_time\" content=\"2025-08-01T10:00:32+00:00\" \/>\n<meta name=\"twitter:card\" content=\"summary_large_image\" \/>\n<meta name=\"twitter:label1\" content=\"Gesch\u00e4tzte Lesezeit\" \/>\n\t<meta name=\"twitter:data1\" content=\"2\u00a0Minuten\" \/>\n<script type=\"application\/ld+json\" class=\"yoast-schema-graph\">{\"@context\":\"https:\/\/schema.org\",\"@graph\":[{\"@type\":\"WebPage\",\"@id\":\"https:\/\/tgong.de\/Homepage\/datenschutz\/\",\"url\":\"https:\/\/tgong.de\/Homepage\/datenschutz\/\",\"name\":\"Datenschutz - tgong.de\",\"isPartOf\":{\"@id\":\"https:\/\/tgong.de\/Homepage\/#website\"},\"datePublished\":\"2023-06-21T12:09:12+00:00\",\"dateModified\":\"2025-08-01T10:00:32+00:00\",\"breadcrumb\":{\"@id\":\"https:\/\/tgong.de\/Homepage\/datenschutz\/#breadcrumb\"},\"inLanguage\":\"de\",\"potentialAction\":[{\"@type\":\"ReadAction\",\"target\":[\"https:\/\/tgong.de\/Homepage\/datenschutz\/\"]}]},{\"@type\":\"BreadcrumbList\",\"@id\":\"https:\/\/tgong.de\/Homepage\/datenschutz\/#breadcrumb\",\"itemListElement\":[{\"@type\":\"ListItem\",\"position\":1,\"name\":\"Startseite\",\"item\":\"https:\/\/tgong.de\/Homepage\/\"},{\"@type\":\"ListItem\",\"position\":2,\"name\":\"Datenschutz\"}]},{\"@type\":\"WebSite\",\"@id\":\"https:\/\/tgong.de\/Homepage\/#website\",\"url\":\"https:\/\/tgong.de\/Homepage\/\",\"name\":\"tgong.de\",\"description\":\"Faster than you think\",\"publisher\":{\"@id\":\"https:\/\/tgong.de\/Homepage\/#organization\"},\"alternateName\":\"Table Gong\",\"potentialAction\":[{\"@type\":\"SearchAction\",\"target\":{\"@type\":\"EntryPoint\",\"urlTemplate\":\"https:\/\/tgong.de\/Homepage\/?s={search_term_string}\"},\"query-input\":{\"@type\":\"PropertyValueSpecification\",\"valueRequired\":true,\"valueName\":\"search_term_string\"}}],\"inLanguage\":\"de\"},{\"@type\":\"Organization\",\"@id\":\"https:\/\/tgong.de\/Homepage\/#organization\",\"name\":\"TGong\",\"url\":\"https:\/\/tgong.de\/Homepage\/\",\"logo\":{\"@type\":\"ImageObject\",\"inLanguage\":\"de\",\"@id\":\"https:\/\/tgong.de\/Homepage\/#\/schema\/logo\/image\/\",\"url\":\"https:\/\/tgong.de\/Homepage\/wp-content\/uploads\/2023\/06\/TGong-Logo_ohneHintergrund_klein.png\",\"contentUrl\":\"https:\/\/tgong.de\/Homepage\/wp-content\/uploads\/2023\/06\/TGong-Logo_ohneHintergrund_klein.png\",\"width\":674,\"height\":935,\"caption\":\"TGong\"},\"image\":{\"@id\":\"https:\/\/tgong.de\/Homepage\/#\/schema\/logo\/image\/\"},\"sameAs\":[\"https:\/\/www.instagram.com\/_tgong_\/\"]}]}<\/script>\n<!-- \/ Yoast SEO plugin. -->","yoast_head_json":{"title":"Datenschutz - tgong.de","robots":{"index":"index","follow":"follow","max-snippet":"max-snippet:-1","max-image-preview":"max-image-preview:large","max-video-preview":"max-video-preview:-1"},"canonical":"https:\/\/tgong.de\/Homepage\/datenschutz\/","og_locale":"de_DE","og_type":"article","og_title":"Datenschutz - tgong.de","og_description":"1. VerantwortlicherOliver Wolf (Einzelunternehmen)An der Feldmark 8, 12529 Sch\u00f6nefeld, DeutschlandE-Mail: kontakt@tgong.de 2. Allgemeines zur DatenverarbeitungWir verarbeiten Ihre personenbezogenen Daten unter Beachtung der geltenden Datenschutzvorschriften (DSGVO, TTDSG). Die Nutzung unserer Webseite ist grunds\u00e4tzlich ohne Angabe personenbezogener Daten m\u00f6glich. 3. Zugriffsdaten \/ Server-LogfilesBeim Besuch der Website erheben wir automatisch Informationen, die Ihr Browser \u00fcbermittelt. Dies sind: besuchte ... Weiterlesen","og_url":"https:\/\/tgong.de\/Homepage\/datenschutz\/","og_site_name":"tgong.de","article_modified_time":"2025-08-01T10:00:32+00:00","twitter_card":"summary_large_image","twitter_misc":{"Gesch\u00e4tzte Lesezeit":"2\u00a0Minuten"},"schema":{"@context":"https:\/\/schema.org","@graph":[{"@type":"WebPage","@id":"https:\/\/tgong.de\/Homepage\/datenschutz\/","url":"https:\/\/tgong.de\/Homepage\/datenschutz\/","name":"Datenschutz - tgong.de","isPartOf":{"@id":"https:\/\/tgong.de\/Homepage\/#website"},"datePublished":"2023-06-21T12:09:12+00:00","dateModified":"2025-08-01T10:00:32+00:00","breadcrumb":{"@id":"https:\/\/tgong.de\/Homepage\/datenschutz\/#breadcrumb"},"inLanguage":"de","potentialAction":[{"@type":"ReadAction","target":["https:\/\/tgong.de\/Homepage\/datenschutz\/"]}]},{"@type":"BreadcrumbList","@id":"https:\/\/tgong.de\/Homepage\/datenschutz\/#breadcrumb","itemListElement":[{"@type":"ListItem","position":1,"name":"Startseite","item":"https:\/\/tgong.de\/Homepage\/"},{"@type":"ListItem","position":2,"name":"Datenschutz"}]},{"@type":"WebSite","@id":"https:\/\/tgong.de\/Homepage\/#website","url":"https:\/\/tgong.de\/Homepage\/","name":"tgong.de","description":"Faster than you think","publisher":{"@id":"https:\/\/tgong.de\/Homepage\/#organization"},"alternateName":"Table Gong","potentialAction":[{"@type":"SearchAction","target":{"@type":"EntryPoint","urlTemplate":"https:\/\/tgong.de\/Homepage\/?s={search_term_string}"},"query-input":{"@type":"PropertyValueSpecification","valueRequired":true,"valueName":"search_term_string"}}],"inLanguage":"de"},{"@type":"Organization","@id":"https:\/\/tgong.de\/Homepage\/#organization","name":"TGong","url":"https:\/\/tgong.de\/Homepage\/","logo":{"@type":"ImageObject","inLanguage":"de","@id":"https:\/\/tgong.de\/Homepage\/#\/schema\/logo\/image\/","url":"https:\/\/tgong.de\/Homepage\/wp-content\/uploads\/2023\/06\/TGong-Logo_ohneHintergrund_klein.png","contentUrl":"https:\/\/tgong.de\/Homepage\/wp-content\/uploads\/2023\/06\/TGong-Logo_ohneHintergrund_klein.png","width":674,"height":935,"caption":"TGong"},"image":{"@id":"https:\/\/tgong.de\/Homepage\/#\/schema\/logo\/image\/"},"sameAs":["https:\/\/www.instagram.com\/_tgong_\/"]}]}},"_links":{"self":[{"href":"https:\/\/tgong.de\/Homepage\/wp-json\/wp\/v2\/pages\/53","targetHints":{"allow":["GET"]}}],"collection":[{"href":"https:\/\/tgong.de\/Homepage\/wp-json\/wp\/v2\/pages"}],"about":[{"href":"https:\/\/tgong.de\/Homepage\/wp-json\/wp\/v2\/types\/page"}],"author":[{"embeddable":true,"href":"https:\/\/tgong.de\/Homepage\/wp-json\/wp\/v2\/users\/1"}],"replies":[{"embeddable":true,"href":"https:\/\/tgong.de\/Homepage\/wp-json\/wp\/v2\/comments?post=53"}],"version-history":[{"count":10,"href":"https:\/\/tgong.de\/Homepage\/wp-json\/wp\/v2\/pages\/53\/revisions"}],"predecessor-version":[{"id":158,"href":"https:\/\/tgong.de\/Homepage\/wp-json\/wp\/v2\/pages\/53\/revisions\/158"}],"wp:attachment":[{"href":"https:\/\/tgong.de\/Homepage\/wp-json\/wp\/v2\/media?parent=53"}],"curies":[{"name":"wp","href":"https:\/\/api.w.org\/{rel}","templated":true}]}}