{"id":46,"date":"2023-06-21T13:54:45","date_gmt":"2023-06-21T11:54:45","guid":{"rendered":"https:\/\/tgong.de\/Homepage\/?page_id=46"},"modified":"2025-08-19T09:21:44","modified_gmt":"2025-08-19T07:21:44","slug":"impressum","status":"publish","type":"page","link":"https:\/\/tgong.de\/Homepage\/impressum\/","title":{"rendered":"Impressum"},"content":{"rendered":"\t\t<div data-elementor-type=\"wp-page\" data-elementor-id=\"46\" class=\"elementor elementor-46\">\n\t\t\t\t\t\t<section class=\"elementor-section elementor-top-section elementor-element elementor-element-4472734 elementor-section-boxed elementor-section-height-default elementor-section-height-default\" data-id=\"4472734\" data-element_type=\"section\">\n\t\t\t\t\t\t<div class=\"elementor-container elementor-column-gap-default\">\n\t\t\t\t\t<div class=\"elementor-column elementor-col-50 elementor-top-column elementor-element elementor-element-03f34fe\" data-id=\"03f34fe\" data-element_type=\"column\">\n\t\t\t<div class=\"elementor-widget-wrap elementor-element-populated\">\n\t\t\t\t\t\t<div class=\"elementor-element elementor-element-b19d36f elementor-widget elementor-widget-text-editor\" data-id=\"b19d36f\" data-element_type=\"widget\" data-widget_type=\"text-editor.default\">\n\t\t\t\t<div class=\"elementor-widget-container\">\n\t\t\t\t\t\t\t\t\t<div><span lang=\"EN-US\">Haftung f\u00fcr Inhalte<br \/>Als Diensteanbieter sind wir gem\u00e4\u00df \u00a7 7 Abs.1 TMG f\u00fcr eigene Inhalte auf diesen Seiten nach den allgemeinen Gesetzen verantwortlich. Nach \u00a7\u00a7 8 bis 10 TMG sind wir als Diensteanbieter jedoch nicht verpflichtet, \u00fcbermittelte oder gespeicherte fremde Informationen zu \u00fcberwachen oder nach Umst\u00e4nden zu forschen, die auf eine rechtswidrige T\u00e4tigkeit hinweisen.<br \/><br \/>Haftung f\u00fcr Links<br \/>Unsere Website enth\u00e4lt Links zu externen Webseiten Dritter, auf deren Inhalte wir keinen Einfluss haben. F\u00fcr diese fremden Inhalte \u00fcbernehmen wir keine Gew\u00e4hr. F\u00fcr die Inhalte der verlinkten Seiten ist stets der jeweilige Anbieter oder Betreiber verantwortlich.<br \/><br \/>Urheberrecht<br \/>Die durch die Seitenbetreiber erstellten Inhalte und Werke auf diesen Seiten unterliegen dem deutschen Urheberrecht. Die Vervielf\u00e4ltigung, Bearbeitung und jede Art der Verwertung au\u00dferhalb der Grenzen des Urheberrechtes bed\u00fcrfen der schriftlichen Zustimmung des jeweiligen Autors bzw. Erstellers.<\/span><\/div>\t\t\t\t\t\t\t\t<\/div>\n\t\t\t\t<\/div>\n\t\t\t\t\t<\/div>\n\t\t<\/div>\n\t\t\t\t<div class=\"elementor-column elementor-col-50 elementor-top-column elementor-element elementor-element-a874168\" data-id=\"a874168\" data-element_type=\"column\">\n\t\t\t<div class=\"elementor-widget-wrap elementor-element-populated\">\n\t\t\t\t\t\t<div class=\"elementor-element elementor-element-ba2908d elementor-widget elementor-widget-text-editor\" data-id=\"ba2908d\" data-element_type=\"widget\" data-widget_type=\"text-editor.default\">\n\t\t\t\t<div class=\"elementor-widget-container\">\n\t\t\t\t\t\t\t\t\t<h4><b>Impressum:<\/b><\/h4>\n<div>\n<p><span lang=\"EN-US\">Angaben gem\u00e4\u00df \u00a7 5 TMG und \u00a7 18 MStV<\/span><\/p>\n<p>Oliver Wolf (Einzelunternehmen)<br>An der Feldmark 8<br>12529 Sch\u00f6nefeld<br>Deutschland<\/p>\n<p>Telefon: +49 (0)3379 34 19 55 0<br>E-Mail: <a href=\"mailto:kontakt@tgong.de\">kontakt@tgong.de<\/a><br>USt-ID: DE259048224<\/p>\n<p>Verantwortlich f\u00fcr den Inhalt nach \u00a7 18 Abs. 2 MStV:<br>Oliver Wolf, Anschrift wie oben.<\/p>\n<\/div>\t\t\t\t\t\t\t\t<\/div>\n\t\t\t\t<\/div>\n\t\t\t\t\t<\/div>\n\t\t<\/div>\n\t\t\t\t\t<\/div>\n\t\t<\/section>\n\t\t\t\t<\/div>\n\t\t","protected":false},"excerpt":{"rendered":"<p>Haftung f\u00fcr InhalteAls Diensteanbieter sind wir gem\u00e4\u00df \u00a7 7 Abs.1 TMG f\u00fcr eigene Inhalte auf diesen Seiten nach den allgemeinen Gesetzen verantwortlich. Nach \u00a7\u00a7 8 bis 10 TMG sind wir als Diensteanbieter jedoch nicht verpflichtet, \u00fcbermittelte oder gespeicherte fremde Informationen zu \u00fcberwachen oder nach Umst\u00e4nden zu forschen, die auf eine rechtswidrige T\u00e4tigkeit hinweisen. Haftung f\u00fcr &#8230; <a title=\"Impressum\" class=\"read-more\" href=\"https:\/\/tgong.de\/Homepage\/impressum\/\" aria-label=\"Mehr Informationen \u00fcber Impressum\">Weiterlesen<\/a><\/p>\n","protected":false},"author":1,"featured_media":0,"parent":0,"menu_order":0,"comment_status":"closed","ping_status":"closed","template":"","meta":{"footnotes":""},"class_list":["post-46","page","type-page","status-publish"],"yoast_head":"<!-- This site is optimized with the Yoast SEO plugin v24.8.1 - https:\/\/yoast.com\/wordpress\/plugins\/seo\/ -->\n<title>Impressum - tgong.de<\/title>\n<meta name=\"robots\" content=\"index, follow, max-snippet:-1, max-image-preview:large, max-video-preview:-1\" \/>\n<link rel=\"canonical\" href=\"https:\/\/tgong.de\/Homepage\/impressum\/\" \/>\n<meta property=\"og:locale\" content=\"de_DE\" \/>\n<meta property=\"og:type\" content=\"article\" \/>\n<meta property=\"og:title\" content=\"Impressum - tgong.de\" \/>\n<meta property=\"og:description\" content=\"Haftung f\u00fcr InhalteAls Diensteanbieter sind wir gem\u00e4\u00df \u00a7 7 Abs.1 TMG f\u00fcr eigene Inhalte auf diesen Seiten nach den allgemeinen Gesetzen verantwortlich. Nach \u00a7\u00a7 8 bis 10 TMG sind wir als Diensteanbieter jedoch nicht verpflichtet, \u00fcbermittelte oder gespeicherte fremde Informationen zu \u00fcberwachen oder nach Umst\u00e4nden zu forschen, die auf eine rechtswidrige T\u00e4tigkeit hinweisen. Haftung f\u00fcr ... Weiterlesen\" \/>\n<meta property=\"og:url\" content=\"https:\/\/tgong.de\/Homepage\/impressum\/\" \/>\n<meta property=\"og:site_name\" content=\"tgong.de\" \/>\n<meta property=\"article:modified_time\" content=\"2025-08-19T07:21:44+00:00\" \/>\n<meta name=\"twitter:card\" content=\"summary_large_image\" \/>\n<meta name=\"twitter:label1\" content=\"Gesch\u00e4tzte Lesezeit\" \/>\n\t<meta name=\"twitter:data1\" content=\"1\u00a0Minute\" \/>\n<script type=\"application\/ld+json\" class=\"yoast-schema-graph\">{\"@context\":\"https:\/\/schema.org\",\"@graph\":[{\"@type\":\"WebPage\",\"@id\":\"https:\/\/tgong.de\/Homepage\/impressum\/\",\"url\":\"https:\/\/tgong.de\/Homepage\/impressum\/\",\"name\":\"Impressum - tgong.de\",\"isPartOf\":{\"@id\":\"https:\/\/tgong.de\/Homepage\/#website\"},\"datePublished\":\"2023-06-21T11:54:45+00:00\",\"dateModified\":\"2025-08-19T07:21:44+00:00\",\"breadcrumb\":{\"@id\":\"https:\/\/tgong.de\/Homepage\/impressum\/#breadcrumb\"},\"inLanguage\":\"de\",\"potentialAction\":[{\"@type\":\"ReadAction\",\"target\":[\"https:\/\/tgong.de\/Homepage\/impressum\/\"]}]},{\"@type\":\"BreadcrumbList\",\"@id\":\"https:\/\/tgong.de\/Homepage\/impressum\/#breadcrumb\",\"itemListElement\":[{\"@type\":\"ListItem\",\"position\":1,\"name\":\"Startseite\",\"item\":\"https:\/\/tgong.de\/Homepage\/\"},{\"@type\":\"ListItem\",\"position\":2,\"name\":\"Impressum\"}]},{\"@type\":\"WebSite\",\"@id\":\"https:\/\/tgong.de\/Homepage\/#website\",\"url\":\"https:\/\/tgong.de\/Homepage\/\",\"name\":\"tgong.de\",\"description\":\"Faster than you think\",\"publisher\":{\"@id\":\"https:\/\/tgong.de\/Homepage\/#organization\"},\"alternateName\":\"Table Gong\",\"potentialAction\":[{\"@type\":\"SearchAction\",\"target\":{\"@type\":\"EntryPoint\",\"urlTemplate\":\"https:\/\/tgong.de\/Homepage\/?s={search_term_string}\"},\"query-input\":{\"@type\":\"PropertyValueSpecification\",\"valueRequired\":true,\"valueName\":\"search_term_string\"}}],\"inLanguage\":\"de\"},{\"@type\":\"Organization\",\"@id\":\"https:\/\/tgong.de\/Homepage\/#organization\",\"name\":\"TGong\",\"url\":\"https:\/\/tgong.de\/Homepage\/\",\"logo\":{\"@type\":\"ImageObject\",\"inLanguage\":\"de\",\"@id\":\"https:\/\/tgong.de\/Homepage\/#\/schema\/logo\/image\/\",\"url\":\"https:\/\/tgong.de\/Homepage\/wp-content\/uploads\/2023\/06\/TGong-Logo_ohneHintergrund_klein.png\",\"contentUrl\":\"https:\/\/tgong.de\/Homepage\/wp-content\/uploads\/2023\/06\/TGong-Logo_ohneHintergrund_klein.png\",\"width\":674,\"height\":935,\"caption\":\"TGong\"},\"image\":{\"@id\":\"https:\/\/tgong.de\/Homepage\/#\/schema\/logo\/image\/\"},\"sameAs\":[\"https:\/\/www.instagram.com\/_tgong_\/\"]}]}<\/script>\n<!-- \/ Yoast SEO plugin. -->","yoast_head_json":{"title":"Impressum - tgong.de","robots":{"index":"index","follow":"follow","max-snippet":"max-snippet:-1","max-image-preview":"max-image-preview:large","max-video-preview":"max-video-preview:-1"},"canonical":"https:\/\/tgong.de\/Homepage\/impressum\/","og_locale":"de_DE","og_type":"article","og_title":"Impressum - tgong.de","og_description":"Haftung f\u00fcr InhalteAls Diensteanbieter sind wir gem\u00e4\u00df \u00a7 7 Abs.1 TMG f\u00fcr eigene Inhalte auf diesen Seiten nach den allgemeinen Gesetzen verantwortlich. Nach \u00a7\u00a7 8 bis 10 TMG sind wir als Diensteanbieter jedoch nicht verpflichtet, \u00fcbermittelte oder gespeicherte fremde Informationen zu \u00fcberwachen oder nach Umst\u00e4nden zu forschen, die auf eine rechtswidrige T\u00e4tigkeit hinweisen. Haftung f\u00fcr ... Weiterlesen","og_url":"https:\/\/tgong.de\/Homepage\/impressum\/","og_site_name":"tgong.de","article_modified_time":"2025-08-19T07:21:44+00:00","twitter_card":"summary_large_image","twitter_misc":{"Gesch\u00e4tzte Lesezeit":"1\u00a0Minute"},"schema":{"@context":"https:\/\/schema.org","@graph":[{"@type":"WebPage","@id":"https:\/\/tgong.de\/Homepage\/impressum\/","url":"https:\/\/tgong.de\/Homepage\/impressum\/","name":"Impressum - tgong.de","isPartOf":{"@id":"https:\/\/tgong.de\/Homepage\/#website"},"datePublished":"2023-06-21T11:54:45+00:00","dateModified":"2025-08-19T07:21:44+00:00","breadcrumb":{"@id":"https:\/\/tgong.de\/Homepage\/impressum\/#breadcrumb"},"inLanguage":"de","potentialAction":[{"@type":"ReadAction","target":["https:\/\/tgong.de\/Homepage\/impressum\/"]}]},{"@type":"BreadcrumbList","@id":"https:\/\/tgong.de\/Homepage\/impressum\/#breadcrumb","itemListElement":[{"@type":"ListItem","position":1,"name":"Startseite","item":"https:\/\/tgong.de\/Homepage\/"},{"@type":"ListItem","position":2,"name":"Impressum"}]},{"@type":"WebSite","@id":"https:\/\/tgong.de\/Homepage\/#website","url":"https:\/\/tgong.de\/Homepage\/","name":"tgong.de","description":"Faster than you think","publisher":{"@id":"https:\/\/tgong.de\/Homepage\/#organization"},"alternateName":"Table Gong","potentialAction":[{"@type":"SearchAction","target":{"@type":"EntryPoint","urlTemplate":"https:\/\/tgong.de\/Homepage\/?s={search_term_string}"},"query-input":{"@type":"PropertyValueSpecification","valueRequired":true,"valueName":"search_term_string"}}],"inLanguage":"de"},{"@type":"Organization","@id":"https:\/\/tgong.de\/Homepage\/#organization","name":"TGong","url":"https:\/\/tgong.de\/Homepage\/","logo":{"@type":"ImageObject","inLanguage":"de","@id":"https:\/\/tgong.de\/Homepage\/#\/schema\/logo\/image\/","url":"https:\/\/tgong.de\/Homepage\/wp-content\/uploads\/2023\/06\/TGong-Logo_ohneHintergrund_klein.png","contentUrl":"https:\/\/tgong.de\/Homepage\/wp-content\/uploads\/2023\/06\/TGong-Logo_ohneHintergrund_klein.png","width":674,"height":935,"caption":"TGong"},"image":{"@id":"https:\/\/tgong.de\/Homepage\/#\/schema\/logo\/image\/"},"sameAs":["https:\/\/www.instagram.com\/_tgong_\/"]}]}},"_links":{"self":[{"href":"https:\/\/tgong.de\/Homepage\/wp-json\/wp\/v2\/pages\/46","targetHints":{"allow":["GET"]}}],"collection":[{"href":"https:\/\/tgong.de\/Homepage\/wp-json\/wp\/v2\/pages"}],"about":[{"href":"https:\/\/tgong.de\/Homepage\/wp-json\/wp\/v2\/types\/page"}],"author":[{"embeddable":true,"href":"https:\/\/tgong.de\/Homepage\/wp-json\/wp\/v2\/users\/1"}],"replies":[{"embeddable":true,"href":"https:\/\/tgong.de\/Homepage\/wp-json\/wp\/v2\/comments?post=46"}],"version-history":[{"count":10,"href":"https:\/\/tgong.de\/Homepage\/wp-json\/wp\/v2\/pages\/46\/revisions"}],"predecessor-version":[{"id":161,"href":"https:\/\/tgong.de\/Homepage\/wp-json\/wp\/v2\/pages\/46\/revisions\/161"}],"wp:attachment":[{"href":"https:\/\/tgong.de\/Homepage\/wp-json\/wp\/v2\/media?parent=46"}],"curies":[{"name":"wp","href":"https:\/\/api.w.org\/{rel}","templated":true}]}}