{"id":27,"date":"2023-06-20T12:54:38","date_gmt":"2023-06-20T10:54:38","guid":{"rendered":"https:\/\/tgong.de\/Homepage\/?page_id=27"},"modified":"2025-09-11T12:22:14","modified_gmt":"2025-09-11T10:22:14","slug":"was-ist-tgong","status":"publish","type":"page","link":"https:\/\/tgong.de\/Homepage\/","title":{"rendered":"Was ist TGong?"},"content":{"rendered":"\n<p>\u201eTGong bedeutet: T wie Tisch (Table) und Gong wie Klingel, nur lauter \u2013 leicht zu merken.\u201c<\/p>\n\n\n<div style=\"width: 640px;\" class=\"wp-video\"><!--[if lt IE 9]><script>document.createElement('video');<\/script><![endif]-->\n<video class=\"wp-video-shortcode\" id=\"video-27-1\" width=\"640\" height=\"360\" preload=\"metadata\" controls=\"controls\"><source type=\"video\/mp4\" src=\"http:\/\/www.tgong.de\/video\/simpleshow_tgong.mp4?_=1\" \/><a href=\"http:\/\/www.tgong.de\/video\/simpleshow_tgong.mp4\">http:\/\/www.tgong.de\/video\/simpleshow_tgong.mp4<\/a><\/video><\/div>\n<h4><b>Die digitale Tischklingel (Kellnerruf)<\/b><\/h4>\n<p>Mit TGong (Table Gong) k\u00f6nnen Ihre Kunden mit ihrem Smartphone eine Servicekraft rufen.<\/p>\n<p>Der Vorteil liegt auf der Hand:<br \/>\n<strong style=\"color: var( --e-global-color-text ); font-family: var( --e-global-typography-text-font-family ), Sans-serif; background-color: var(--base-3);\">H\u00f6here Kundenzufriedenheit = H\u00f6here Ums\u00e4tze<br \/>\n<\/strong><\/p>\n<p>F\u00fcr unser innovatives Kellnerrufsystem bedarf es in der Regel keiner Investitionskosten und niemand muss eine App installieren.<\/p>\n<h4><b>Pilotphase &#8211; kostenlos testen<\/b><\/h4>\n<p>Wir bieten Ihnen die M\u00f6glichkeit, unser Produkt in einer begrenzten Testphase unverbindlich auszuprobieren.<br data-start=\"146\" data-end=\"149\" \/>Voraussetzung: Ein Ger\u00e4t mit Internetbrowser und Internetzugang.<br \/>\nFragen Sie nach und bewerben Sie sich per E-Mail an <a style=\"font-family: var( --e-global-typography-text-font-family ), Sans-serif; font-weight: var( --e-global-typography-text-font-weight ); background-color: var(--base-3);\" href=\"mailto:kontakt@tgong.de\">kontakt@tgong.de<\/a>.<\/p>\n<h4><b>QR-Beispiele (kostenlos)<\/b><\/h4>\n<p><img fetchpriority=\"high\" decoding=\"async\" src=\"https:\/\/tgong.de\/Homepage\/wp-content\/uploads\/2023\/08\/IMG_2258-225x300.jpg\" sizes=\"(max-width: 225px) 100vw, 225px\" srcset=\"https:\/\/tgong.de\/Homepage\/wp-content\/uploads\/2023\/08\/IMG_2258-225x300.jpg 225w, https:\/\/tgong.de\/Homepage\/wp-content\/uploads\/2023\/08\/IMG_2258-768x1024.jpg 768w, https:\/\/tgong.de\/Homepage\/wp-content\/uploads\/2023\/08\/IMG_2258-1152x1536.jpg 1152w, https:\/\/tgong.de\/Homepage\/wp-content\/uploads\/2023\/08\/IMG_2258-1536x2048.jpg 1536w, https:\/\/tgong.de\/Homepage\/wp-content\/uploads\/2023\/08\/IMG_2258-scaled.jpg 1920w\" alt=\"\" width=\"225\" height=\"300\" \/><br \/>\n<img decoding=\"async\" src=\"https:\/\/tgong.de\/Homepage\/wp-content\/uploads\/2023\/08\/IMG_2268-203x300.jpg\" sizes=\"(max-width: 203px) 100vw, 203px\" srcset=\"https:\/\/tgong.de\/Homepage\/wp-content\/uploads\/2023\/08\/IMG_2268-203x300.jpg 203w, https:\/\/tgong.de\/Homepage\/wp-content\/uploads\/2023\/08\/IMG_2268-693x1024.jpg 693w, https:\/\/tgong.de\/Homepage\/wp-content\/uploads\/2023\/08\/IMG_2268-768x1135.jpg 768w, https:\/\/tgong.de\/Homepage\/wp-content\/uploads\/2023\/08\/IMG_2268-1040x1536.jpg 1040w, https:\/\/tgong.de\/Homepage\/wp-content\/uploads\/2023\/08\/IMG_2268-1386x2048.jpg 1386w, https:\/\/tgong.de\/Homepage\/wp-content\/uploads\/2023\/08\/IMG_2268-scaled.jpg 1733w\" alt=\"\" width=\"203\" height=\"300\" \/><br \/>\n<img decoding=\"async\" src=\"https:\/\/tgong.de\/Homepage\/wp-content\/uploads\/2023\/08\/IMG_2377-225x300.jpg\" sizes=\"(max-width: 225px) 100vw, 225px\" srcset=\"https:\/\/tgong.de\/Homepage\/wp-content\/uploads\/2023\/08\/IMG_2377-225x300.jpg 225w, https:\/\/tgong.de\/Homepage\/wp-content\/uploads\/2023\/08\/IMG_2377-768x1024.jpg 768w, https:\/\/tgong.de\/Homepage\/wp-content\/uploads\/2023\/08\/IMG_2377-1152x1536.jpg 1152w, https:\/\/tgong.de\/Homepage\/wp-content\/uploads\/2023\/08\/IMG_2377.jpg 1537w\" alt=\"\" width=\"225\" height=\"300\" \/><\/p>\n<p>Diese QR-Code im Scheckkartenformat k\u00f6nnen Sie nach Ihren kreativen Vorstellungen auf dem Tisch platzieren. Auf Wunsch liefern wir auch die Metall-Klammern (Bild1) mit.<br \/>\nIm \u00e4hnlichen Still sind auch Selbstklebende-Etiketten zu bekommen.<br \/>\nSie k\u00f6nnen auch die Pyramide inkl. Anleitung w\u00e4hlen (indoor).<\/p>\n<h4><b>QR-Beispiele (kostenpflichtig)<\/b><\/h4>\n<p><img loading=\"lazy\" decoding=\"async\" class=\"alignnone size-medium wp-image-143\" src=\"https:\/\/tgong.de\/Homepage\/wp-content\/uploads\/2025\/04\/IMG_1012-225x300.jpeg\" alt=\"\" width=\"225\" height=\"300\" srcset=\"https:\/\/tgong.de\/Homepage\/wp-content\/uploads\/2025\/04\/IMG_1012-225x300.jpeg 225w, https:\/\/tgong.de\/Homepage\/wp-content\/uploads\/2025\/04\/IMG_1012-768x1024.jpeg 768w, https:\/\/tgong.de\/Homepage\/wp-content\/uploads\/2025\/04\/IMG_1012-1152x1536.jpeg 1152w, https:\/\/tgong.de\/Homepage\/wp-content\/uploads\/2025\/04\/IMG_1012-1536x2048.jpeg 1536w, https:\/\/tgong.de\/Homepage\/wp-content\/uploads\/2025\/04\/IMG_1012-scaled.jpeg 1920w\" sizes=\"(max-width: 225px) 100vw, 225px\" \/><br \/>\n<img loading=\"lazy\" decoding=\"async\" class=\"alignnone size-medium wp-image-141\" src=\"https:\/\/tgong.de\/Homepage\/wp-content\/uploads\/2025\/04\/IMG_1019-225x300.jpeg\" alt=\"\" width=\"225\" height=\"300\" srcset=\"https:\/\/tgong.de\/Homepage\/wp-content\/uploads\/2025\/04\/IMG_1019-225x300.jpeg 225w, https:\/\/tgong.de\/Homepage\/wp-content\/uploads\/2025\/04\/IMG_1019-768x1024.jpeg 768w, https:\/\/tgong.de\/Homepage\/wp-content\/uploads\/2025\/04\/IMG_1019-1152x1536.jpeg 1152w, https:\/\/tgong.de\/Homepage\/wp-content\/uploads\/2025\/04\/IMG_1019-1536x2048.jpeg 1536w, https:\/\/tgong.de\/Homepage\/wp-content\/uploads\/2025\/04\/IMG_1019-scaled.jpeg 1920w\" sizes=\"(max-width: 225px) 100vw, 225px\" \/><br \/>\n<img loading=\"lazy\" decoding=\"async\" class=\"alignnone size-medium wp-image-142\" src=\"https:\/\/tgong.de\/Homepage\/wp-content\/uploads\/2025\/04\/IMG_1014-225x300.jpeg\" alt=\"\" width=\"225\" height=\"300\" srcset=\"https:\/\/tgong.de\/Homepage\/wp-content\/uploads\/2025\/04\/IMG_1014-225x300.jpeg 225w, https:\/\/tgong.de\/Homepage\/wp-content\/uploads\/2025\/04\/IMG_1014-768x1024.jpeg 768w, https:\/\/tgong.de\/Homepage\/wp-content\/uploads\/2025\/04\/IMG_1014-1152x1536.jpeg 1152w, https:\/\/tgong.de\/Homepage\/wp-content\/uploads\/2025\/04\/IMG_1014-1536x2048.jpeg 1536w, https:\/\/tgong.de\/Homepage\/wp-content\/uploads\/2025\/04\/IMG_1014-scaled.jpeg 1920w\" sizes=\"(max-width: 225px) 100vw, 225px\" \/><br \/>\n<img loading=\"lazy\" decoding=\"async\" class=\"alignnone size-medium wp-image-140\" src=\"https:\/\/tgong.de\/Homepage\/wp-content\/uploads\/2025\/04\/IMG_1022-225x300.jpeg\" alt=\"\" width=\"225\" height=\"300\" srcset=\"https:\/\/tgong.de\/Homepage\/wp-content\/uploads\/2025\/04\/IMG_1022-225x300.jpeg 225w, https:\/\/tgong.de\/Homepage\/wp-content\/uploads\/2025\/04\/IMG_1022-768x1024.jpeg 768w, https:\/\/tgong.de\/Homepage\/wp-content\/uploads\/2025\/04\/IMG_1022-1152x1536.jpeg 1152w, https:\/\/tgong.de\/Homepage\/wp-content\/uploads\/2025\/04\/IMG_1022-1536x2048.jpeg 1536w, https:\/\/tgong.de\/Homepage\/wp-content\/uploads\/2025\/04\/IMG_1022-scaled.jpeg 1920w\" sizes=\"(max-width: 225px) 100vw, 225px\" \/><br \/>\n<img loading=\"lazy\" decoding=\"async\" class=\"alignnone size-medium wp-image-145\" src=\"https:\/\/tgong.de\/Homepage\/wp-content\/uploads\/2025\/05\/IMG_1112-297x300.jpeg\" alt=\"\" width=\"297\" height=\"300\" srcset=\"https:\/\/tgong.de\/Homepage\/wp-content\/uploads\/2025\/05\/IMG_1112-297x300.jpeg 297w, https:\/\/tgong.de\/Homepage\/wp-content\/uploads\/2025\/05\/IMG_1112-1015x1024.jpeg 1015w, https:\/\/tgong.de\/Homepage\/wp-content\/uploads\/2025\/05\/IMG_1112-768x775.jpeg 768w, https:\/\/tgong.de\/Homepage\/wp-content\/uploads\/2025\/05\/IMG_1112-1523x1536.jpeg 1523w, https:\/\/tgong.de\/Homepage\/wp-content\/uploads\/2025\/05\/IMG_1112-2031x2048.jpeg 2031w\" sizes=\"(max-width: 297px) 100vw, 297px\" \/><br \/>\nDer Steinuntersetzer ist perfekt f\u00fcr den Outdoor-Bereich.<\/p>\n<p>Diese QR-Code sind aufwendig in der Herstellung und k\u00f6nnen je nach Ihren Vorstellungen auch im Layout ver\u00e4ndert werden.<br \/>\nDie transparenten Folien werden ohne Deko (Glas, Teelicht) geliefert.<\/p>","protected":false},"excerpt":{"rendered":"<p>\u201eTGong bedeutet: T wie Tisch (Table) und Gong wie Klingel, nur lauter \u2013 leicht zu merken.\u201c http:\/\/www.tgong.de\/video\/simpleshow_tgong.mp4 Die digitale Tischklingel (Kellnerruf) Mit TGong (Table Gong) k\u00f6nnen Ihre Kunden mit ihrem Smartphone eine Servicekraft rufen. Der Vorteil liegt auf der Hand: H\u00f6here Kundenzufriedenheit = H\u00f6here Ums\u00e4tze F\u00fcr unser innovatives Kellnerrufsystem bedarf es in der Regel keiner &#8230; <a title=\"Was ist TGong?\" class=\"read-more\" href=\"https:\/\/tgong.de\/Homepage\/\" aria-label=\"Mehr Informationen \u00fcber Was ist TGong?\">Weiterlesen<\/a><\/p>\n","protected":false},"author":1,"featured_media":0,"parent":0,"menu_order":0,"comment_status":"closed","ping_status":"closed","template":"","meta":{"footnotes":""},"class_list":["post-27","page","type-page","status-publish"],"yoast_head":"<!-- This site is optimized with the Yoast SEO plugin v24.8.1 - https:\/\/yoast.com\/wordpress\/plugins\/seo\/ -->\n<title>Was ist TGong? Faster than you think<\/title>\n<meta name=\"description\" content=\"\u2705 Kellnerrufsystem (Service Call, Kellner rufen) \u2705 digital \u2705 QR Code \u2705 keine App \u2705 Bedienung rufen \u2705 Gastronomie \u2705 keine Investitionskosten \u2705 diskret \u2705 low Budget\" \/>\n<meta name=\"robots\" content=\"index, follow, max-snippet:-1, max-image-preview:large, max-video-preview:-1\" \/>\n<link rel=\"canonical\" href=\"https:\/\/tgong.de\/Homepage\/\" \/>\n<meta property=\"og:locale\" content=\"de_DE\" \/>\n<meta property=\"og:type\" content=\"article\" \/>\n<meta property=\"og:title\" content=\"Was ist TGong? Faster than you think\" \/>\n<meta property=\"og:description\" content=\"\u2705 Kellnerrufsystem (Service Call, Kellner rufen) \u2705 digital \u2705 QR Code \u2705 keine App \u2705 Bedienung rufen \u2705 Gastronomie \u2705 keine Investitionskosten \u2705 diskret \u2705 low Budget\" \/>\n<meta property=\"og:url\" content=\"https:\/\/tgong.de\/Homepage\/\" \/>\n<meta property=\"og:site_name\" content=\"tgong.de\" \/>\n<meta property=\"article:modified_time\" content=\"2025-09-11T10:22:14+00:00\" \/>\n<meta property=\"og:image\" content=\"https:\/\/tgong.de\/Homepage\/wp-content\/uploads\/2023\/08\/IMG_2258-225x300.jpg\" \/>\n<meta name=\"twitter:card\" content=\"summary_large_image\" \/>\n<meta name=\"twitter:label1\" content=\"Gesch\u00e4tzte Lesezeit\" \/>\n\t<meta name=\"twitter:data1\" content=\"3\u00a0Minuten\" \/>\n<script type=\"application\/ld+json\" class=\"yoast-schema-graph\">{\"@context\":\"https:\/\/schema.org\",\"@graph\":[{\"@type\":\"WebPage\",\"@id\":\"https:\/\/tgong.de\/Homepage\/\",\"url\":\"https:\/\/tgong.de\/Homepage\/\",\"name\":\"Was ist TGong? Faster than you think\",\"isPartOf\":{\"@id\":\"https:\/\/tgong.de\/Homepage\/#website\"},\"primaryImageOfPage\":{\"@id\":\"https:\/\/tgong.de\/Homepage\/#primaryimage\"},\"image\":{\"@id\":\"https:\/\/tgong.de\/Homepage\/#primaryimage\"},\"thumbnailUrl\":\"https:\/\/tgong.de\/Homepage\/wp-content\/uploads\/2023\/08\/IMG_2258-225x300.jpg\",\"datePublished\":\"2023-06-20T10:54:38+00:00\",\"dateModified\":\"2025-09-11T10:22:14+00:00\",\"description\":\"\u2705 Kellnerrufsystem (Service Call, Kellner rufen) \u2705 digital \u2705 QR Code \u2705 keine App \u2705 Bedienung rufen \u2705 Gastronomie \u2705 keine Investitionskosten \u2705 diskret \u2705 low Budget\",\"breadcrumb\":{\"@id\":\"https:\/\/tgong.de\/Homepage\/#breadcrumb\"},\"inLanguage\":\"de\",\"potentialAction\":[{\"@type\":\"ReadAction\",\"target\":[\"https:\/\/tgong.de\/Homepage\/\"]}]},{\"@type\":\"ImageObject\",\"inLanguage\":\"de\",\"@id\":\"https:\/\/tgong.de\/Homepage\/#primaryimage\",\"url\":\"https:\/\/tgong.de\/Homepage\/wp-content\/uploads\/2023\/08\/IMG_2258-scaled.jpg\",\"contentUrl\":\"https:\/\/tgong.de\/Homepage\/wp-content\/uploads\/2023\/08\/IMG_2258-scaled.jpg\",\"width\":1920,\"height\":2560},{\"@type\":\"BreadcrumbList\",\"@id\":\"https:\/\/tgong.de\/Homepage\/#breadcrumb\",\"itemListElement\":[{\"@type\":\"ListItem\",\"position\":1,\"name\":\"Startseite\",\"item\":\"https:\/\/tgong.de\/Homepage\/\"},{\"@type\":\"ListItem\",\"position\":2,\"name\":\"Was ist TGong?\"}]},{\"@type\":\"WebSite\",\"@id\":\"https:\/\/tgong.de\/Homepage\/#website\",\"url\":\"https:\/\/tgong.de\/Homepage\/\",\"name\":\"tgong.de\",\"description\":\"Faster than you think\",\"publisher\":{\"@id\":\"https:\/\/tgong.de\/Homepage\/#organization\"},\"alternateName\":\"Table Gong\",\"potentialAction\":[{\"@type\":\"SearchAction\",\"target\":{\"@type\":\"EntryPoint\",\"urlTemplate\":\"https:\/\/tgong.de\/Homepage\/?s={search_term_string}\"},\"query-input\":{\"@type\":\"PropertyValueSpecification\",\"valueRequired\":true,\"valueName\":\"search_term_string\"}}],\"inLanguage\":\"de\"},{\"@type\":\"Organization\",\"@id\":\"https:\/\/tgong.de\/Homepage\/#organization\",\"name\":\"TGong\",\"url\":\"https:\/\/tgong.de\/Homepage\/\",\"logo\":{\"@type\":\"ImageObject\",\"inLanguage\":\"de\",\"@id\":\"https:\/\/tgong.de\/Homepage\/#\/schema\/logo\/image\/\",\"url\":\"https:\/\/tgong.de\/Homepage\/wp-content\/uploads\/2023\/06\/TGong-Logo_ohneHintergrund_klein.png\",\"contentUrl\":\"https:\/\/tgong.de\/Homepage\/wp-content\/uploads\/2023\/06\/TGong-Logo_ohneHintergrund_klein.png\",\"width\":674,\"height\":935,\"caption\":\"TGong\"},\"image\":{\"@id\":\"https:\/\/tgong.de\/Homepage\/#\/schema\/logo\/image\/\"},\"sameAs\":[\"https:\/\/www.instagram.com\/_tgong_\/\"]}]}<\/script>\n<!-- \/ Yoast SEO plugin. -->","yoast_head_json":{"title":"Was ist TGong? Faster than you think","description":"\u2705 Kellnerrufsystem (Service Call, Kellner rufen) \u2705 digital \u2705 QR Code \u2705 keine App \u2705 Bedienung rufen \u2705 Gastronomie \u2705 keine Investitionskosten \u2705 diskret \u2705 low Budget","robots":{"index":"index","follow":"follow","max-snippet":"max-snippet:-1","max-image-preview":"max-image-preview:large","max-video-preview":"max-video-preview:-1"},"canonical":"https:\/\/tgong.de\/Homepage\/","og_locale":"de_DE","og_type":"article","og_title":"Was ist TGong? Faster than you think","og_description":"\u2705 Kellnerrufsystem (Service Call, Kellner rufen) \u2705 digital \u2705 QR Code \u2705 keine App \u2705 Bedienung rufen \u2705 Gastronomie \u2705 keine Investitionskosten \u2705 diskret \u2705 low Budget","og_url":"https:\/\/tgong.de\/Homepage\/","og_site_name":"tgong.de","article_modified_time":"2025-09-11T10:22:14+00:00","og_image":[{"url":"https:\/\/tgong.de\/Homepage\/wp-content\/uploads\/2023\/08\/IMG_2258-225x300.jpg","type":"","width":"","height":""}],"twitter_card":"summary_large_image","twitter_misc":{"Gesch\u00e4tzte Lesezeit":"3\u00a0Minuten"},"schema":{"@context":"https:\/\/schema.org","@graph":[{"@type":"WebPage","@id":"https:\/\/tgong.de\/Homepage\/","url":"https:\/\/tgong.de\/Homepage\/","name":"Was ist TGong? Faster than you think","isPartOf":{"@id":"https:\/\/tgong.de\/Homepage\/#website"},"primaryImageOfPage":{"@id":"https:\/\/tgong.de\/Homepage\/#primaryimage"},"image":{"@id":"https:\/\/tgong.de\/Homepage\/#primaryimage"},"thumbnailUrl":"https:\/\/tgong.de\/Homepage\/wp-content\/uploads\/2023\/08\/IMG_2258-225x300.jpg","datePublished":"2023-06-20T10:54:38+00:00","dateModified":"2025-09-11T10:22:14+00:00","description":"\u2705 Kellnerrufsystem (Service Call, Kellner rufen) \u2705 digital \u2705 QR Code \u2705 keine App \u2705 Bedienung rufen \u2705 Gastronomie \u2705 keine Investitionskosten \u2705 diskret \u2705 low Budget","breadcrumb":{"@id":"https:\/\/tgong.de\/Homepage\/#breadcrumb"},"inLanguage":"de","potentialAction":[{"@type":"ReadAction","target":["https:\/\/tgong.de\/Homepage\/"]}]},{"@type":"ImageObject","inLanguage":"de","@id":"https:\/\/tgong.de\/Homepage\/#primaryimage","url":"https:\/\/tgong.de\/Homepage\/wp-content\/uploads\/2023\/08\/IMG_2258-scaled.jpg","contentUrl":"https:\/\/tgong.de\/Homepage\/wp-content\/uploads\/2023\/08\/IMG_2258-scaled.jpg","width":1920,"height":2560},{"@type":"BreadcrumbList","@id":"https:\/\/tgong.de\/Homepage\/#breadcrumb","itemListElement":[{"@type":"ListItem","position":1,"name":"Startseite","item":"https:\/\/tgong.de\/Homepage\/"},{"@type":"ListItem","position":2,"name":"Was ist TGong?"}]},{"@type":"WebSite","@id":"https:\/\/tgong.de\/Homepage\/#website","url":"https:\/\/tgong.de\/Homepage\/","name":"tgong.de","description":"Faster than you think","publisher":{"@id":"https:\/\/tgong.de\/Homepage\/#organization"},"alternateName":"Table Gong","potentialAction":[{"@type":"SearchAction","target":{"@type":"EntryPoint","urlTemplate":"https:\/\/tgong.de\/Homepage\/?s={search_term_string}"},"query-input":{"@type":"PropertyValueSpecification","valueRequired":true,"valueName":"search_term_string"}}],"inLanguage":"de"},{"@type":"Organization","@id":"https:\/\/tgong.de\/Homepage\/#organization","name":"TGong","url":"https:\/\/tgong.de\/Homepage\/","logo":{"@type":"ImageObject","inLanguage":"de","@id":"https:\/\/tgong.de\/Homepage\/#\/schema\/logo\/image\/","url":"https:\/\/tgong.de\/Homepage\/wp-content\/uploads\/2023\/06\/TGong-Logo_ohneHintergrund_klein.png","contentUrl":"https:\/\/tgong.de\/Homepage\/wp-content\/uploads\/2023\/06\/TGong-Logo_ohneHintergrund_klein.png","width":674,"height":935,"caption":"TGong"},"image":{"@id":"https:\/\/tgong.de\/Homepage\/#\/schema\/logo\/image\/"},"sameAs":["https:\/\/www.instagram.com\/_tgong_\/"]}]}},"_links":{"self":[{"href":"https:\/\/tgong.de\/Homepage\/wp-json\/wp\/v2\/pages\/27","targetHints":{"allow":["GET"]}}],"collection":[{"href":"https:\/\/tgong.de\/Homepage\/wp-json\/wp\/v2\/pages"}],"about":[{"href":"https:\/\/tgong.de\/Homepage\/wp-json\/wp\/v2\/types\/page"}],"author":[{"embeddable":true,"href":"https:\/\/tgong.de\/Homepage\/wp-json\/wp\/v2\/users\/1"}],"replies":[{"embeddable":true,"href":"https:\/\/tgong.de\/Homepage\/wp-json\/wp\/v2\/comments?post=27"}],"version-history":[{"count":10,"href":"https:\/\/tgong.de\/Homepage\/wp-json\/wp\/v2\/pages\/27\/revisions"}],"predecessor-version":[{"id":163,"href":"https:\/\/tgong.de\/Homepage\/wp-json\/wp\/v2\/pages\/27\/revisions\/163"}],"wp:attachment":[{"href":"https:\/\/tgong.de\/Homepage\/wp-json\/wp\/v2\/media?parent=27"}],"curies":[{"name":"wp","href":"https:\/\/api.w.org\/{rel}","templated":true}]}}